{"id":3808,"date":"2024-11-26T14:19:14","date_gmt":"2024-11-26T14:19:14","guid":{"rendered":"https:\/\/letherin.org\/cookies-policy"},"modified":"2025-11-13T13:03:52","modified_gmt":"2025-11-13T13:03:52","slug":"politica-de-cookies","status":"publish","type":"page","link":"https:\/\/letherin.org\/es\/politica-de-cookies","title":{"rendered":"Pol\u00edtica de cookies"},"content":{"rendered":"\t\t<div data-elementor-type=\"wp-page\" data-elementor-id=\"3808\" class=\"elementor elementor-3808 elementor-1759\" data-elementor-post-type=\"page\">\n\t\t\t\t\t\t<section class=\"elementor-section elementor-top-section elementor-element elementor-element-79f78b4 elementor-section-content-middle elementor-section-boxed elementor-section-height-default elementor-section-height-default\" data-id=\"79f78b4\" data-element_type=\"section\" data-e-type=\"section\" data-settings=\"{&quot;background_background&quot;:&quot;video&quot;}\">\n\t\t\t\t\t\t\t<div class=\"elementor-background-overlay\"><\/div>\n\t\t\t\t\t\t\t<div class=\"elementor-container elementor-column-gap-default\">\n\t\t\t\t\t<div class=\"elementor-column elementor-col-100 elementor-top-column elementor-element elementor-element-df85205\" data-id=\"df85205\" data-element_type=\"column\" data-e-type=\"column\">\n\t\t\t<div class=\"elementor-widget-wrap elementor-element-populated\">\n\t\t\t\t\t\t<div class=\"elementor-element elementor-element-41c4f7c elementor-widget elementor-widget-video\" data-id=\"41c4f7c\" data-element_type=\"widget\" data-e-type=\"widget\" data-settings=\"{&quot;video_type&quot;:&quot;hosted&quot;,&quot;autoplay&quot;:&quot;yes&quot;,&quot;play_on_mobile&quot;:&quot;yes&quot;,&quot;mute&quot;:&quot;yes&quot;,&quot;loop&quot;:&quot;yes&quot;}\" data-widget_type=\"video.default\">\n\t\t\t\t<div class=\"elementor-widget-container\">\n\t\t\t\t\t\t\t<div class=\"e-hosted-video elementor-wrapper elementor-open-inline\">\n\t\t\t\t\t<video class=\"elementor-video\" src=\"https:\/\/letherin.org\/wp-content\/uploads\/72-MDNfMDFfZXVfMQ.mp4\" autoplay=\"\" loop=\"\" muted=\"muted\" playsinline=\"\" controlsList=\"nodownload\"><\/video>\n\t\t\t\t<\/div>\n\t\t\t\t\t\t<\/div>\n\t\t\t\t<\/div>\n\t\t\t\t<section class=\"elementor-section elementor-inner-section elementor-element elementor-element-85fbe63 elementor-section-boxed elementor-section-height-default elementor-section-height-default\" data-id=\"85fbe63\" data-element_type=\"section\" data-e-type=\"section\">\n\t\t\t\t\t\t<div class=\"elementor-container elementor-column-gap-default\">\n\t\t\t\t\t<div class=\"elementor-column elementor-col-100 elementor-inner-column elementor-element elementor-element-3f760ff\" data-id=\"3f760ff\" data-element_type=\"column\" data-e-type=\"column\">\n\t\t\t<div class=\"elementor-widget-wrap elementor-element-populated\">\n\t\t\t\t\t\t\t<\/div>\n\t\t<\/div>\n\t\t\t\t\t<\/div>\n\t\t<\/section>\n\t\t\t\t\t<\/div>\n\t\t<\/div>\n\t\t\t\t\t<\/div>\n\t\t<\/section>\n\t\t\t\t<section class=\"elementor-section elementor-top-section elementor-element elementor-element-938fbb2 elementor-section-boxed elementor-section-height-default elementor-section-height-default\" data-id=\"938fbb2\" data-element_type=\"section\" data-e-type=\"section\">\n\t\t\t\t\t\t<div class=\"elementor-container elementor-column-gap-default\">\n\t\t\t\t\t<div class=\"elementor-column elementor-col-100 elementor-top-column elementor-element elementor-element-d7061af\" data-id=\"d7061af\" data-element_type=\"column\" data-e-type=\"column\">\n\t\t\t<div class=\"elementor-widget-wrap elementor-element-populated\">\n\t\t\t\t\t\t<div class=\"elementor-element elementor-element-0320fc0 elementor-widget elementor-widget-heading\" data-id=\"0320fc0\" data-element_type=\"widget\" data-e-type=\"widget\" data-widget_type=\"heading.default\">\n\t\t\t\t<div class=\"elementor-widget-container\">\n\t\t\t\t\t<h2 class=\"elementor-heading-title elementor-size-default\">\u00bfQu\u00e9 son las cookies?<\/h2>\t\t\t\t<\/div>\n\t\t\t\t<\/div>\n\t\t\t\t<div class=\"elementor-element elementor-element-c88bf47 elementor-widget elementor-widget-text-editor\" data-id=\"c88bf47\" data-element_type=\"widget\" data-e-type=\"widget\" data-widget_type=\"text-editor.default\">\n\t\t\t\t<div class=\"elementor-widget-container\">\n\t\t\t\t\t\t\t\t\t<p data-start=\"210\" data-end=\"594\">Este sitio web utiliza cookies y\/o tecnolog\u00edas similares que almacenan y recuperan informaci\u00f3n mientras navegas. En general, estas tecnolog\u00edas pueden servir a diversos fines, como reconocerte como usuario, obtener informaci\u00f3n sobre tus h\u00e1bitos de navegaci\u00f3n o personalizar la forma en que se muestra el contenido. Los usos espec\u00edficos de estas tecnolog\u00edas se describen a continuaci\u00f3n.<\/p>\t\t\t\t\t\t\t\t<\/div>\n\t\t\t\t<\/div>\n\t\t\t\t<div class=\"elementor-element elementor-element-cc203b3 elementor-widget elementor-widget-heading\" data-id=\"cc203b3\" data-element_type=\"widget\" data-e-type=\"widget\" data-widget_type=\"heading.default\">\n\t\t\t\t<div class=\"elementor-widget-container\">\n\t\t\t\t\t<h2 class=\"elementor-heading-title elementor-size-default\">\u00bfPara qu\u00e9 utiliza este sitio web las cookies?<\/h2>\t\t\t\t<\/div>\n\t\t\t\t<\/div>\n\t\t\t\t<div class=\"elementor-element elementor-element-2f8d63f elementor-widget elementor-widget-text-editor\" data-id=\"2f8d63f\" data-element_type=\"widget\" data-e-type=\"widget\" data-widget_type=\"text-editor.default\">\n\t\t\t\t<div class=\"elementor-widget-container\">\n\t\t\t\t\t\t\t\t\t<p data-start=\"657\" data-end=\"719\">Este sitio web utiliza cookies para varios fines, entre ellos:<\/p><ul data-start=\"721\" data-end=\"1226\"><li data-start=\"721\" data-end=\"1015\"><p data-start=\"723\" data-end=\"1015\"><strong data-start=\"723\" data-end=\"737\">Anal\u00edtica:<\/strong> Son cookies que, gestionadas por nosotros o por terceros, nos permiten cuantificar el n\u00famero de usuarios y realizar an\u00e1lisis estad\u00edsticos y medici\u00f3n de c\u00f3mo los usuarios utilizan el servicio ofrecido. Este an\u00e1lisis nos ayuda a mejorar los productos o servicios que ofrecemos.<\/p><\/li><li data-start=\"1017\" data-end=\"1226\"><p data-start=\"1019\" data-end=\"1226\"><strong data-start=\"1019\" data-end=\"1045\">Publicidad conductual:<\/strong> Son cookies que, gestionadas por nosotros o por terceros, permiten analizar tus h\u00e1bitos de navegaci\u00f3n en Internet para mostrarte publicidad relacionada con tu perfil de navegaci\u00f3n.<\/p><\/li><\/ul>\t\t\t\t\t\t\t\t<\/div>\n\t\t\t\t<\/div>\n\t\t\t\t<div class=\"elementor-element elementor-element-7b7cc29 elementor-widget elementor-widget-heading\" data-id=\"7b7cc29\" data-element_type=\"widget\" data-e-type=\"widget\" data-widget_type=\"heading.default\">\n\t\t\t\t<div class=\"elementor-widget-container\">\n\t\t\t\t\t<h2 class=\"elementor-heading-title elementor-size-default\">\u00bfQui\u00e9n utiliza las cookies en este sitio web?<\/h2>\t\t\t\t<\/div>\n\t\t\t\t<\/div>\n\t\t\t\t<div class=\"elementor-element elementor-element-6b49e06 elementor-widget elementor-widget-text-editor\" data-id=\"6b49e06\" data-element_type=\"widget\" data-e-type=\"widget\" data-widget_type=\"text-editor.default\">\n\t\t\t\t<div class=\"elementor-widget-container\">\n\t\t\t\t\t\t\t\t\t<p data-start=\"1289\" data-end=\"1406\">La identificaci\u00f3n de qui\u00e9n utiliza las cookies, el tipo de cookies usadas y otros detalles se indican a continuaci\u00f3n:<\/p><div class=\"_tableContainer_1rjym_1\"><div class=\"group _tableWrapper_1rjym_13 flex w-fit flex-col-reverse\" tabindex=\"-1\">\u00a0<\/div><\/div>\t\t\t\t\t\t\t\t<\/div>\n\t\t\t\t<\/div>\n\t\t\t\t<div class=\"elementor-element elementor-element-a1d1e33 eael-dt-th-align-center eael-table-align-center elementor-widget elementor-widget-eael-data-table\" data-id=\"a1d1e33\" data-element_type=\"widget\" data-e-type=\"widget\" data-widget_type=\"eael-data-table.default\">\n\t\t\t\t<div class=\"elementor-widget-container\">\n\t\t\t\t\t\t\t<div class=\"eael-data-table-wrap\" data-table_id=\"a1d1e33\" id=\"eael-data-table-wrapper-a1d1e33\" data-custom_responsive=\"false\">\n\t\t\t<table class=\"tablesorter eael-data-table center\" id=\"eael-data-table-a1d1e33\">\n\t\t\t    <thead>\n\t\t\t        <tr class=\"table-header\">\n\t\t\t\t\t\t\t\t\t            <th class=\"\" id=\"\" colspan=\"1\">\n\t\t\t\t\t\t\t\t\t\t\t\t\t\t<span class=\"data-table-header-text\">Entidad<\/span><\/th>\n\t\t\t        \t\t\t\t            <th class=\"\" id=\"\" colspan=\"1\">\n\t\t\t\t\t\t\t\t\t\t\t\t\t\t<span class=\"data-table-header-text\">Tipo<\/span><\/th>\n\t\t\t        \t\t\t\t            <th class=\"\" id=\"\" colspan=\"1\">\n\t\t\t\t\t\t\t\t\t\t\t\t\t\t<span class=\"data-table-header-text\">Prop\u00f3sito<\/span><\/th>\n\t\t\t        \t\t\t\t            <th class=\"\" id=\"\" colspan=\"1\">\n\t\t\t\t\t\t\t\t\t\t\t\t\t\t<span class=\"data-table-header-text\">M\u00e1s informaci\u00f3n<\/span><\/th>\n\t\t\t        \t\t\t\t        <\/tr>\n\t\t\t    <\/thead>\n\t\t\t  \t<tbody>\n\t\t\t\t\t\t\t\t\t\t\t<tr>\n\t\t\t\t\t\t\t\t\t\t\t\t\t\t\t\t   \t\t\t\t\t\t\t\t\t\t\t<td colspan=\"\" rowspan=\"\" class=\"\" id=\"\">\n\t\t\t\t\t\t\t\t\t\t\t\t<div class=\"td-content-wrapper\"><div class=\"td-content\">\n\t\t\t\t\t\t\t\t\t\t\t\t\tGoogle Analytics\t\t\t\t\t\t\t\t\t\t\t\t\t<\/div><\/div>\n\t\t\t\t\t\t\t\t\t\t\t<\/td>\n\t\t\t\t\t\t\t\t\t\t\t\t\t\t\t\t\t\t\t\t\t\t\t\t\t\t\t\t\t   \t\t\t\t\t\t\t\t\t\t\t<td colspan=\"\" rowspan=\"\" class=\"\" id=\"\">\n\t\t\t\t\t\t\t\t\t\t\t\t<div class=\"td-content-wrapper\"><div class=\"td-content\">\n\t\t\t\t\t\t\t\t\t\t\t\t\tTerceros\t\t\t\t\t\t\t\t\t\t\t\t<\/div><\/div>\n\t\t\t\t\t\t\t\t\t\t\t<\/td>\n\t\t\t\t\t\t\t\t\t\t\t\t\t\t\t\t\t\t\t\t\t\t\t\t\t\t\t\t\t   \t\t\t\t\t\t\t\t\t\t\t<td colspan=\"\" rowspan=\"\" class=\"\" id=\"\">\n\t\t\t\t\t\t\t\t\t\t\t\t<div class=\"td-content-wrapper\"><div class=\"td-content\">\n\t\t\t\t\t\t\t\t\t\t\t\t\tRecopilar informaci\u00f3n sobre la navegaci\u00f3n del usuario en el sitio para determinar el origen de las visitas y otros datos estad\u00edsticos similares. Google Analytics tambi\u00e9n utiliza estas cookies para mostrar anuncios relacionados con el perfil de navegaci\u00f3n.\t\t\t\t\t\t\t\t\t\t\t\t<\/div><\/div>\n\t\t\t\t\t\t\t\t\t\t\t<\/td>\n\t\t\t\t\t\t\t\t\t\t\t\t\t\t\t\t\t\t\t\t\t\t\t\t\t\t\t\t\t   \t\t\t\t\t\t\t\t\t\t\t<td colspan=\"\" rowspan=\"\" class=\"\" id=\"\">\n\t\t\t\t\t\t\t\t\t\t\t\t<div class=\"td-content-wrapper\"><div class=\"td-content\">\n\t\t\t\t\t\t\t\t\t\t\t\t\t<a href=\"https:\/\/policies.google.com\/technologies\/cookies\">Google Analytics<\/a><br><br>\n<a href=\"https:\/\/policies.google.com\/privacy?hl=en\">Google Privacy Center<\/a>\n\t\t\t\t\t\t\t\t\t\t\t\t<\/div><\/div>\n\t\t\t\t\t\t\t\t\t\t\t<\/td>\n\t\t\t\t\t\t\t\t\t\t\t\t\t\t\t\t\t\t\t\t\t\t\t\t\t\t<\/tr>\n\t\t\t        \t\t\t    <\/tbody>\n\t\t\t<\/table>\n\t\t<\/div>\n\t  \t\t\t\t\t<\/div>\n\t\t\t\t<\/div>\n\t\t\t\t<div class=\"elementor-element elementor-element-2bd7eec elementor-widget elementor-widget-text-editor\" data-id=\"2bd7eec\" data-element_type=\"widget\" data-e-type=\"widget\" data-widget_type=\"text-editor.default\">\n\t\t\t\t<div class=\"elementor-widget-container\">\n\t\t\t\t\t\t\t\t\t<p data-start=\"1912\" data-end=\"2139\"><strong data-start=\"1912\" data-end=\"1921\">Nota:<\/strong> Las cookies de \u201cprimera parte\u201d son utilizadas \u00fanicamente por el propietario de este sitio web, mientras que las cookies de \u201cterceros\u201d tambi\u00e9n son utilizadas por el proveedor del servicio indicado en la tabla anterior.<\/p><p data-start=\"2141\" data-end=\"2408\">Se puede encontrar informaci\u00f3n sobre las transferencias a terceros pa\u00edses realizadas, en su caso, por terceros identificados en esta pol\u00edtica de cookies en sus respectivas pol\u00edticas (ver enlaces proporcionados en la secci\u00f3n de \u201cM\u00e1s informaci\u00f3n\u201d de la tabla anterior).<\/p>\t\t\t\t\t\t\t\t<\/div>\n\t\t\t\t<\/div>\n\t\t\t\t<div class=\"elementor-element elementor-element-3191359 elementor-widget elementor-widget-heading\" data-id=\"3191359\" data-element_type=\"widget\" data-e-type=\"widget\" data-widget_type=\"heading.default\">\n\t\t\t\t<div class=\"elementor-widget-container\">\n\t\t\t\t\t<h2 class=\"elementor-heading-title elementor-size-default\">\u00bfC\u00f3mo puedo desactivar o eliminar estas cookies?<\/h2>\t\t\t\t<\/div>\n\t\t\t\t<\/div>\n\t\t\t\t<div class=\"elementor-element elementor-element-6204f89 elementor-widget elementor-widget-text-editor\" data-id=\"6204f89\" data-element_type=\"widget\" data-e-type=\"widget\" data-widget_type=\"text-editor.default\">\n\t\t\t\t<div class=\"elementor-widget-container\">\n\t\t\t\t\t\t\t\t\t<p data-start=\"2474\" data-end=\"2782\">Puedes permitir o bloquear las cookies, as\u00ed como eliminar tus datos de navegaci\u00f3n (incluidas las cookies), a trav\u00e9s de tu navegador. Consulta las opciones e instrucciones de tu navegador para hacerlo. Ten en cuenta que si aceptas cookies de terceros, deber\u00e1s eliminarlas desde las opciones de tu navegador.<\/p><p data-start=\"2784\" data-end=\"2893\">A continuaci\u00f3n, enlaces con informaci\u00f3n sobre c\u00f3mo gestionar las cookies en los navegadores m\u00e1s utilizados:<\/p><ul><li><strong>Firefox:<\/strong>\u00a0<a href=\"http:\/\/support.mozilla.org\/en-US\/kb\/enable-and-disable-cookies-website-preferences\" target=\"_new\" rel=\"noopener\">http:\/\/support.mozilla.org\/en-US\/kb\/enable-and-disable-cookies-website-preferences<\/a><\/li><li><strong>Chrome:<\/strong>\u00a0<a href=\"http:\/\/support.google.com\/chrome\/bin\/answer.py?hl=en&amp;answer=95647\" target=\"_new\" rel=\"noopener\">http:\/\/support.google.com\/chrome\/bin\/answer.py?hl=en&amp;answer=95647<\/a><\/li><li><strong>Internet Explorer:<\/strong>\u00a0<a href=\"https:\/\/support.microsoft.com\/en-us\/help\/278835\/how-to-delete-cookie-files-in-internet-explorer\" target=\"_new\" rel=\"noopener\">https:\/\/support.microsoft.com\/en-us\/help\/278835\/how-to-delete-cookie-files-in-internet-explorer<\/a><\/li><li><strong>Microsoft Edge:<\/strong>\u00a0<a href=\"https:\/\/support.microsoft.com\/en-us\/help\/4027947\/microsoft-edge-delete-cookies\" target=\"_new\" rel=\"noopener\">https:\/\/support.microsoft.com\/en-us\/help\/4027947\/microsoft-edge-delete-cookies<\/a><\/li><li><strong>Safari:<\/strong>\u00a0<a href=\"http:\/\/support.apple.com\/kb\/ph5042\" target=\"_new\" rel=\"noopener\">http:\/\/support.apple.com\/kb\/ph5042<\/a><\/li><li><strong>Opera:<\/strong>\u00a0<a href=\"http:\/\/help.opera.com\/Windows\/11.50\/en\/cookies.html\" target=\"_new\" rel=\"noopener\">http:\/\/help.opera.com\/Windows\/11.50\/en\/cookies.html<\/a><\/li><\/ul><p>\u00a0<\/p><p data-start=\"3398\" data-end=\"3484\"><strong data-start=\"3398\" data-end=\"3420\">Otros navegadores:<\/strong> Consulta la documentaci\u00f3n del navegador que tengas instalado.<\/p>\t\t\t\t\t\t\t\t<\/div>\n\t\t\t\t<\/div>\n\t\t\t\t<div class=\"elementor-element elementor-element-4079048 elementor-widget elementor-widget-heading\" data-id=\"4079048\" data-element_type=\"widget\" data-e-type=\"widget\" data-widget_type=\"heading.default\">\n\t\t\t\t<div class=\"elementor-widget-container\">\n\t\t\t\t\t<h2 class=\"elementor-heading-title elementor-size-default\">Complemento de exclusi\u00f3n para Google Analytics<\/h2>\t\t\t\t<\/div>\n\t\t\t\t<\/div>\n\t\t\t\t<div class=\"elementor-element elementor-element-a256b59 elementor-widget elementor-widget-text-editor\" data-id=\"a256b59\" data-element_type=\"widget\" data-e-type=\"widget\" data-widget_type=\"text-editor.default\">\n\t\t\t\t<div class=\"elementor-widget-container\">\n\t\t\t\t\t\t\t\t\t<p>Si deseas rechazar las cookies anal\u00edticas de Google Analytics en todos los navegadores para que tu informaci\u00f3n no sea enviada a Google Analytics, puedes descargar un complemento que realiza esta funci\u00f3n mediante este enlace: <a href=\"https:\/\/tools.google.com\/dlpage\/gaoptout\">https:\/\/tools.google.com\/dlpage\/gaoptout<\/a>.<\/p>\t\t\t\t\t\t\t\t<\/div>\n\t\t\t\t<\/div>\n\t\t\t\t<div class=\"elementor-element elementor-element-a0fc1ac elementor-widget elementor-widget-heading\" data-id=\"a0fc1ac\" data-element_type=\"widget\" data-e-type=\"widget\" data-widget_type=\"heading.default\">\n\t\t\t\t<div class=\"elementor-widget-container\">\n\t\t\t\t\t<h2 class=\"elementor-heading-title elementor-size-default\">Ejercicio de derechos<\/h2>\t\t\t\t<\/div>\n\t\t\t\t<\/div>\n\t\t\t\t<div class=\"elementor-element elementor-element-c45862a elementor-widget elementor-widget-text-editor\" data-id=\"c45862a\" data-element_type=\"widget\" data-e-type=\"widget\" data-widget_type=\"text-editor.default\">\n\t\t\t\t<div class=\"elementor-widget-container\">\n\t\t\t\t\t\t\t\t\t<p>Puedes informarte y ejercer tus derechos respecto a la protecci\u00f3n de datos accediendo a nuestra <a href=\"https:\/\/letherin.org\/privacy-policy\">Pol\u00edtica de Privacidad<\/a>.<\/p>\t\t\t\t\t\t\t\t<\/div>\n\t\t\t\t<\/div>\n\t\t\t\t\t<\/div>\n\t\t<\/div>\n\t\t\t\t\t<\/div>\n\t\t<\/section>\n\t\t\t\t<\/div>\n\t\t","protected":false},"excerpt":{"rendered":"<p>https:\/\/letherin.org\/wp-content\/uploads\/72-MDNfMDFfZXVfMQ.mp4 \u00bfQu\u00e9 son las cookies? Este sitio web utiliza cookies y\/o tecnolog\u00edas similares que almacenan y recuperan informaci\u00f3n mientras navegas. En general, estas tecnolog\u00edas pueden servir a diversos fines, como reconocerte como usuario, obtener informaci\u00f3n sobre tus h\u00e1bitos de navegaci\u00f3n o personalizar la forma en que se muestra el contenido. Los usos espec\u00edficos de estas [&hellip;]<\/p>\n","protected":false},"author":4,"featured_media":0,"parent":0,"menu_order":0,"comment_status":"closed","ping_status":"closed","template":"","meta":{"_jf_save_progress":"","iawp_total_views":4,"footnotes":""},"class_list":["post-3808","page","type-page","status-publish","hentry"],"_links":{"self":[{"href":"https:\/\/letherin.org\/es\/wp-json\/wp\/v2\/pages\/3808","targetHints":{"allow":["GET"]}}],"collection":[{"href":"https:\/\/letherin.org\/es\/wp-json\/wp\/v2\/pages"}],"about":[{"href":"https:\/\/letherin.org\/es\/wp-json\/wp\/v2\/types\/page"}],"author":[{"embeddable":true,"href":"https:\/\/letherin.org\/es\/wp-json\/wp\/v2\/users\/4"}],"replies":[{"embeddable":true,"href":"https:\/\/letherin.org\/es\/wp-json\/wp\/v2\/comments?post=3808"}],"version-history":[{"count":4,"href":"https:\/\/letherin.org\/es\/wp-json\/wp\/v2\/pages\/3808\/revisions"}],"predecessor-version":[{"id":3813,"href":"https:\/\/letherin.org\/es\/wp-json\/wp\/v2\/pages\/3808\/revisions\/3813"}],"wp:attachment":[{"href":"https:\/\/letherin.org\/es\/wp-json\/wp\/v2\/media?parent=3808"}],"curies":[{"name":"wp","href":"https:\/\/api.w.org\/{rel}","templated":true}]}}