{"id":3807,"date":"2024-11-26T14:19:14","date_gmt":"2024-11-26T14:19:14","guid":{"rendered":"https:\/\/letherin.org\/cookies-policy"},"modified":"2025-11-13T13:51:09","modified_gmt":"2025-11-13T13:51:09","slug":"politique-de-cookies","status":"publish","type":"page","link":"https:\/\/letherin.org\/fr\/politique-de-cookies","title":{"rendered":"Politique de cookies"},"content":{"rendered":"\t\t<div data-elementor-type=\"wp-page\" data-elementor-id=\"3807\" class=\"elementor elementor-3807 elementor-1759\" data-elementor-post-type=\"page\">\n\t\t\t\t\t\t<section class=\"elementor-section elementor-top-section elementor-element elementor-element-79f78b4 elementor-section-content-middle elementor-section-boxed elementor-section-height-default elementor-section-height-default\" data-id=\"79f78b4\" data-element_type=\"section\" data-e-type=\"section\" data-settings=\"{&quot;background_background&quot;:&quot;video&quot;}\">\n\t\t\t\t\t\t\t<div class=\"elementor-background-overlay\"><\/div>\n\t\t\t\t\t\t\t<div class=\"elementor-container elementor-column-gap-default\">\n\t\t\t\t\t<div class=\"elementor-column elementor-col-100 elementor-top-column elementor-element elementor-element-df85205\" data-id=\"df85205\" data-element_type=\"column\" data-e-type=\"column\">\n\t\t\t<div class=\"elementor-widget-wrap elementor-element-populated\">\n\t\t\t\t\t\t<div class=\"elementor-element elementor-element-41c4f7c elementor-widget elementor-widget-video\" data-id=\"41c4f7c\" data-element_type=\"widget\" data-e-type=\"widget\" data-settings=\"{&quot;video_type&quot;:&quot;hosted&quot;,&quot;autoplay&quot;:&quot;yes&quot;,&quot;play_on_mobile&quot;:&quot;yes&quot;,&quot;mute&quot;:&quot;yes&quot;,&quot;loop&quot;:&quot;yes&quot;}\" data-widget_type=\"video.default\">\n\t\t\t\t<div class=\"elementor-widget-container\">\n\t\t\t\t\t\t\t<div class=\"e-hosted-video elementor-wrapper elementor-open-inline\">\n\t\t\t\t\t<video class=\"elementor-video\" src=\"https:\/\/letherin.org\/wp-content\/uploads\/72-MDNfMDFfZXVfMQ.mp4\" autoplay=\"\" loop=\"\" muted=\"muted\" playsinline=\"\" controlsList=\"nodownload\"><\/video>\n\t\t\t\t<\/div>\n\t\t\t\t\t\t<\/div>\n\t\t\t\t<\/div>\n\t\t\t\t<section class=\"elementor-section elementor-inner-section elementor-element elementor-element-85fbe63 elementor-section-boxed elementor-section-height-default elementor-section-height-default\" data-id=\"85fbe63\" data-element_type=\"section\" data-e-type=\"section\">\n\t\t\t\t\t\t<div class=\"elementor-container elementor-column-gap-default\">\n\t\t\t\t\t<div class=\"elementor-column elementor-col-100 elementor-inner-column elementor-element elementor-element-3f760ff\" data-id=\"3f760ff\" data-element_type=\"column\" data-e-type=\"column\">\n\t\t\t<div class=\"elementor-widget-wrap elementor-element-populated\">\n\t\t\t\t\t\t\t<\/div>\n\t\t<\/div>\n\t\t\t\t\t<\/div>\n\t\t<\/section>\n\t\t\t\t\t<\/div>\n\t\t<\/div>\n\t\t\t\t\t<\/div>\n\t\t<\/section>\n\t\t\t\t<section class=\"elementor-section elementor-top-section elementor-element elementor-element-938fbb2 elementor-section-boxed elementor-section-height-default elementor-section-height-default\" data-id=\"938fbb2\" data-element_type=\"section\" data-e-type=\"section\">\n\t\t\t\t\t\t<div class=\"elementor-container elementor-column-gap-default\">\n\t\t\t\t\t<div class=\"elementor-column elementor-col-100 elementor-top-column elementor-element elementor-element-d7061af\" data-id=\"d7061af\" data-element_type=\"column\" data-e-type=\"column\">\n\t\t\t<div class=\"elementor-widget-wrap elementor-element-populated\">\n\t\t\t\t\t\t<div class=\"elementor-element elementor-element-0320fc0 elementor-widget elementor-widget-heading\" data-id=\"0320fc0\" data-element_type=\"widget\" data-e-type=\"widget\" data-widget_type=\"heading.default\">\n\t\t\t\t<div class=\"elementor-widget-container\">\n\t\t\t\t\t<h2 class=\"elementor-heading-title elementor-size-default\">Qu\u2019est-ce que les cookies ?<\/h2>\t\t\t\t<\/div>\n\t\t\t\t<\/div>\n\t\t\t\t<div class=\"elementor-element elementor-element-c88bf47 elementor-widget elementor-widget-text-editor\" data-id=\"c88bf47\" data-element_type=\"widget\" data-e-type=\"widget\" data-widget_type=\"text-editor.default\">\n\t\t\t\t<div class=\"elementor-widget-container\">\n\t\t\t\t\t\t\t\t\t<p data-start=\"4038\" data-end=\"4449\">Ce site web utilise des cookies et\/ou des technologies similaires qui stockent et r\u00e9cup\u00e8rent des informations pendant votre navigation. En g\u00e9n\u00e9ral, ces technologies peuvent avoir diverses finalit\u00e9s, comme vous reconna\u00eetre en tant qu\u2019utilisateur, obtenir des informations sur vos habitudes de navigation ou personnaliser l\u2019affichage du contenu. Les usages sp\u00e9cifiques de ces technologies sont d\u00e9crits ci-dessous.<\/p>\t\t\t\t\t\t\t\t<\/div>\n\t\t\t\t<\/div>\n\t\t\t\t<div class=\"elementor-element elementor-element-cc203b3 elementor-widget elementor-widget-heading\" data-id=\"cc203b3\" data-element_type=\"widget\" data-e-type=\"widget\" data-widget_type=\"heading.default\">\n\t\t\t\t<div class=\"elementor-widget-container\">\n\t\t\t\t\t<h2 class=\"elementor-heading-title elementor-size-default\">\u00c0 quoi servent les cookies sur ce site web ?<\/h2>\t\t\t\t<\/div>\n\t\t\t\t<\/div>\n\t\t\t\t<div class=\"elementor-element elementor-element-2f8d63f elementor-widget elementor-widget-text-editor\" data-id=\"2f8d63f\" data-element_type=\"widget\" data-e-type=\"widget\" data-widget_type=\"text-editor.default\">\n\t\t\t\t<div class=\"elementor-widget-container\">\n\t\t\t\t\t\t\t\t\t<p data-start=\"4511\" data-end=\"4572\">Ce site web utilise des cookies \u00e0 plusieurs fins, notamment :<\/p><ul data-start=\"4574\" data-end=\"5127\"><li data-start=\"4574\" data-end=\"4899\"><p data-start=\"4576\" data-end=\"4899\"><strong data-start=\"4576\" data-end=\"4592\">Analytique :<\/strong> Ce sont des cookies qui, g\u00e9r\u00e9s par nous ou par des tiers, nous permettent de quantifier le nombre d\u2019utilisateurs et de r\u00e9aliser des analyses statistiques et mesures sur l\u2019utilisation du service propos\u00e9 par les utilisateurs. Cette analyse nous aide \u00e0 am\u00e9liorer les produits ou services que nous proposons.<\/p><\/li><li data-start=\"4901\" data-end=\"5127\"><p data-start=\"4903\" data-end=\"5127\"><strong data-start=\"4903\" data-end=\"4934\">Publicit\u00e9 comportementale :<\/strong> Ce sont des cookies qui, g\u00e9r\u00e9s par nous ou par des tiers, permettent d\u2019analyser vos habitudes de navigation sur Internet afin de vous montrer des publicit\u00e9s li\u00e9es \u00e0 votre profil de navigation.<\/p><\/li><\/ul>\t\t\t\t\t\t\t\t<\/div>\n\t\t\t\t<\/div>\n\t\t\t\t<div class=\"elementor-element elementor-element-7b7cc29 elementor-widget elementor-widget-heading\" data-id=\"7b7cc29\" data-element_type=\"widget\" data-e-type=\"widget\" data-widget_type=\"heading.default\">\n\t\t\t\t<div class=\"elementor-widget-container\">\n\t\t\t\t\t<h2 class=\"elementor-heading-title elementor-size-default\">Qui utilise les cookies sur ce site web ?<\/h2>\t\t\t\t<\/div>\n\t\t\t\t<\/div>\n\t\t\t\t<div class=\"elementor-element elementor-element-6b49e06 elementor-widget elementor-widget-text-editor\" data-id=\"6b49e06\" data-element_type=\"widget\" data-e-type=\"widget\" data-widget_type=\"text-editor.default\">\n\t\t\t\t<div class=\"elementor-widget-container\">\n\t\t\t\t\t\t\t\t\t<p>L\u2019identification de qui utilise les cookies, le type de cookies utilis\u00e9s et d\u2019autres d\u00e9tails sont indiqu\u00e9s ci-dessous :<\/p>\t\t\t\t\t\t\t\t<\/div>\n\t\t\t\t<\/div>\n\t\t\t\t<div class=\"elementor-element elementor-element-a1d1e33 eael-dt-th-align-center eael-table-align-center elementor-widget elementor-widget-eael-data-table\" data-id=\"a1d1e33\" data-element_type=\"widget\" data-e-type=\"widget\" data-widget_type=\"eael-data-table.default\">\n\t\t\t\t<div class=\"elementor-widget-container\">\n\t\t\t\t\t\t\t<div class=\"eael-data-table-wrap\" data-table_id=\"a1d1e33\" id=\"eael-data-table-wrapper-a1d1e33\" data-custom_responsive=\"false\">\n\t\t\t<table class=\"tablesorter eael-data-table center\" id=\"eael-data-table-a1d1e33\">\n\t\t\t    <thead>\n\t\t\t        <tr class=\"table-header\">\n\t\t\t\t\t\t\t\t\t            <th class=\"\" id=\"\" colspan=\"1\">\n\t\t\t\t\t\t\t\t\t\t\t\t\t\t<span class=\"data-table-header-text\">Entit\u00e9<\/span><\/th>\n\t\t\t        \t\t\t\t            <th class=\"\" id=\"\" colspan=\"1\">\n\t\t\t\t\t\t\t\t\t\t\t\t\t\t<span class=\"data-table-header-text\">Type<\/span><\/th>\n\t\t\t        \t\t\t\t            <th class=\"\" id=\"\" colspan=\"1\">\n\t\t\t\t\t\t\t\t\t\t\t\t\t\t<span class=\"data-table-header-text\">Objectif<\/span><\/th>\n\t\t\t        \t\t\t\t            <th class=\"\" id=\"\" colspan=\"1\">\n\t\t\t\t\t\t\t\t\t\t\t\t\t\t<span class=\"data-table-header-text\">Plus d\u2019informations<\/span><\/th>\n\t\t\t        \t\t\t\t        <\/tr>\n\t\t\t    <\/thead>\n\t\t\t  \t<tbody>\n\t\t\t\t\t\t\t\t\t\t\t<tr>\n\t\t\t\t\t\t\t\t\t\t\t\t\t\t\t\t   \t\t\t\t\t\t\t\t\t\t\t<td colspan=\"\" rowspan=\"\" class=\"\" id=\"\">\n\t\t\t\t\t\t\t\t\t\t\t\t<div class=\"td-content-wrapper\"><div class=\"td-content\">\n\t\t\t\t\t\t\t\t\t\t\t\t\tGoogle Analytics\t\t\t\t\t\t\t\t\t\t\t\t\t<\/div><\/div>\n\t\t\t\t\t\t\t\t\t\t\t<\/td>\n\t\t\t\t\t\t\t\t\t\t\t\t\t\t\t\t\t\t\t\t\t\t\t\t\t\t\t\t\t   \t\t\t\t\t\t\t\t\t\t\t<td colspan=\"\" rowspan=\"\" class=\"\" id=\"\">\n\t\t\t\t\t\t\t\t\t\t\t\t<div class=\"td-content-wrapper\"><div class=\"td-content\">\n\t\t\t\t\t\t\t\t\t\t\t\t\tTiers\t\t\t\t\t\t\t\t\t\t\t\t<\/div><\/div>\n\t\t\t\t\t\t\t\t\t\t\t<\/td>\n\t\t\t\t\t\t\t\t\t\t\t\t\t\t\t\t\t\t\t\t\t\t\t\t\t\t\t\t\t   \t\t\t\t\t\t\t\t\t\t\t<td colspan=\"\" rowspan=\"\" class=\"\" id=\"\">\n\t\t\t\t\t\t\t\t\t\t\t\t<div class=\"td-content-wrapper\"><div class=\"td-content\">\n\t\t\t\t\t\t\t\t\t\t\t\t\tCollecter des informations sur la navigation de l\u2019utilisateur sur le site afin de d\u00e9terminer l\u2019origine des visites et d\u2019autres donn\u00e9es statistiques similaires. Google Analytics utilise \u00e9galement ces cookies pour afficher des annonces li\u00e9es au profil de navigation.\t\t\t\t\t\t\t\t\t\t\t\t<\/div><\/div>\n\t\t\t\t\t\t\t\t\t\t\t<\/td>\n\t\t\t\t\t\t\t\t\t\t\t\t\t\t\t\t\t\t\t\t\t\t\t\t\t\t\t\t\t   \t\t\t\t\t\t\t\t\t\t\t<td colspan=\"\" rowspan=\"\" class=\"\" id=\"\">\n\t\t\t\t\t\t\t\t\t\t\t\t<div class=\"td-content-wrapper\"><div class=\"td-content\">\n\t\t\t\t\t\t\t\t\t\t\t\t\t<a href=\"https:\/\/policies.google.com\/technologies\/cookies\">Google Analytics<\/a><br><br>\n<a href=\"https:\/\/policies.google.com\/privacy?hl=en\">Google Privacy Center<\/a>\n\t\t\t\t\t\t\t\t\t\t\t\t<\/div><\/div>\n\t\t\t\t\t\t\t\t\t\t\t<\/td>\n\t\t\t\t\t\t\t\t\t\t\t\t\t\t\t\t\t\t\t\t\t\t\t\t\t\t<\/tr>\n\t\t\t        \t\t\t    <\/tbody>\n\t\t\t<\/table>\n\t\t<\/div>\n\t  \t\t\t\t\t<\/div>\n\t\t\t\t<\/div>\n\t\t\t\t<div class=\"elementor-element elementor-element-2bd7eec elementor-widget elementor-widget-text-editor\" data-id=\"2bd7eec\" data-element_type=\"widget\" data-e-type=\"widget\" data-widget_type=\"text-editor.default\">\n\t\t\t\t<div class=\"elementor-widget-container\">\n\t\t\t\t\t\t\t\t\t<p data-start=\"5818\" data-end=\"6049\"><strong data-start=\"5818\" data-end=\"5832\">Remarque :<\/strong> Les cookies \u00ab premi\u00e8re partie \u00bb sont utilis\u00e9s uniquement par le propri\u00e9taire de ce site web, tandis que les cookies \u00ab tiers \u00bb sont \u00e9galement utilis\u00e9s par le fournisseur de service indiqu\u00e9 dans le tableau ci-dessus.<\/p><p data-start=\"6051\" data-end=\"6330\">Vous pouvez trouver des informations sur les transferts vers des pays tiers r\u00e9alis\u00e9s, le cas \u00e9ch\u00e9ant, par les tiers identifi\u00e9s dans cette politique de cookies dans leurs politiques respectives (voir les liens fournis dans la section \u00ab Plus d\u2019informations \u00bb du tableau ci-dessus).<\/p>\t\t\t\t\t\t\t\t<\/div>\n\t\t\t\t<\/div>\n\t\t\t\t<div class=\"elementor-element elementor-element-3191359 elementor-widget elementor-widget-heading\" data-id=\"3191359\" data-element_type=\"widget\" data-e-type=\"widget\" data-widget_type=\"heading.default\">\n\t\t\t\t<div class=\"elementor-widget-container\">\n\t\t\t\t\t<h2 class=\"elementor-heading-title elementor-size-default\">Comment puis-je d\u00e9sactiver ou supprimer ces cookies ?<\/h2>\t\t\t\t<\/div>\n\t\t\t\t<\/div>\n\t\t\t\t<div class=\"elementor-element elementor-element-6204f89 elementor-widget elementor-widget-text-editor\" data-id=\"6204f89\" data-element_type=\"widget\" data-e-type=\"widget\" data-widget_type=\"text-editor.default\">\n\t\t\t\t<div class=\"elementor-widget-container\">\n\t\t\t\t\t\t\t\t\t<p data-start=\"6401\" data-end=\"6726\">Vous pouvez autoriser ou bloquer les cookies, ainsi que supprimer vos donn\u00e9es de navigation (y compris les cookies), via votre navigateur. Consultez les options et instructions de votre navigateur pour le faire. Notez que si vous acceptez des cookies tiers, vous devrez les supprimer depuis les options de votre navigateur.<\/p><p data-start=\"6728\" data-end=\"6835\">Voici des liens avec des informations sur la gestion des cookies dans les navigateurs les plus utilis\u00e9s :<\/p><ul data-start=\"6837\" data-end=\"7344\"><li data-start=\"6837\" data-end=\"6933\"><strong>Firefox:<\/strong>\u00a0<a href=\"http:\/\/support.mozilla.org\/en-US\/kb\/enable-and-disable-cookies-website-preferences\" target=\"_new\" rel=\"noopener\">http:\/\/support.mozilla.org\/en-US\/kb\/enable-and-disable-cookies-website-preferences<\/a><\/li><\/ul><ul><li><strong>Chrome:<\/strong>\u00a0<a href=\"http:\/\/support.google.com\/chrome\/bin\/answer.py?hl=en&amp;answer=95647\" target=\"_new\" rel=\"noopener\">http:\/\/support.google.com\/chrome\/bin\/answer.py?hl=en&amp;answer=95647<\/a><\/li><li><strong>Internet Explorer:<\/strong>\u00a0<a href=\"https:\/\/support.microsoft.com\/en-us\/help\/278835\/how-to-delete-cookie-files-in-internet-explorer\" target=\"_new\" rel=\"noopener\">https:\/\/support.microsoft.com\/en-us\/help\/278835\/how-to-delete-cookie-files-in-internet-explorer<\/a><\/li><li><strong>Microsoft Edge:<\/strong>\u00a0<a href=\"https:\/\/support.microsoft.com\/en-us\/help\/4027947\/microsoft-edge-delete-cookies\" target=\"_new\" rel=\"noopener\">https:\/\/support.microsoft.com\/en-us\/help\/4027947\/microsoft-edge-delete-cookies<\/a><\/li><li><strong>Safari:<\/strong>\u00a0<a href=\"http:\/\/support.apple.com\/kb\/ph5042\" target=\"_new\" rel=\"noopener\">http:\/\/support.apple.com\/kb\/ph5042<\/a><\/li><li><strong>Opera:<\/strong>\u00a0<a href=\"http:\/\/help.opera.com\/Windows\/11.50\/en\/cookies.html\" target=\"_new\" rel=\"noopener\">http:\/\/help.opera.com\/Windows\/11.50\/en\/cookies.html<\/a><\/li><\/ul><p>\u00a0<\/p><p data-start=\"7346\" data-end=\"7432\"><strong data-start=\"7346\" data-end=\"7370\">Autres navigateurs :<\/strong> Consultez la documentation du navigateur que vous utilisez.<\/p>\t\t\t\t\t\t\t\t<\/div>\n\t\t\t\t<\/div>\n\t\t\t\t<div class=\"elementor-element elementor-element-4079048 elementor-widget elementor-widget-heading\" data-id=\"4079048\" data-element_type=\"widget\" data-e-type=\"widget\" data-widget_type=\"heading.default\">\n\t\t\t\t<div class=\"elementor-widget-container\">\n\t\t\t\t\t<h2 class=\"elementor-heading-title elementor-size-default\">Module de d\u00e9sactivation pour Google Analytics<\/h2>\t\t\t\t<\/div>\n\t\t\t\t<\/div>\n\t\t\t\t<div class=\"elementor-element elementor-element-a256b59 elementor-widget elementor-widget-text-editor\" data-id=\"a256b59\" data-element_type=\"widget\" data-e-type=\"widget\" data-widget_type=\"text-editor.default\">\n\t\t\t\t<div class=\"elementor-widget-container\">\n\t\t\t\t\t\t\t\t\t<p>Si vous souhaitez refuser les cookies analytiques de Google Analytics sur tous les navigateurs afin que vos informations ne soient pas envoy\u00e9es \u00e0 Google Analytics, vous pouvez t\u00e9l\u00e9charger un module qui effectue cette fonction via ce lien : <a href=\"https:\/\/tools.google.com\/dlpage\/gaoptout\">https:\/\/tools.google.com\/dlpage\/gaoptout<\/a>.<\/p>\t\t\t\t\t\t\t\t<\/div>\n\t\t\t\t<\/div>\n\t\t\t\t<div class=\"elementor-element elementor-element-a0fc1ac elementor-widget elementor-widget-heading\" data-id=\"a0fc1ac\" data-element_type=\"widget\" data-e-type=\"widget\" data-widget_type=\"heading.default\">\n\t\t\t\t<div class=\"elementor-widget-container\">\n\t\t\t\t\t<h2 class=\"elementor-heading-title elementor-size-default\">Exercice des droits<\/h2>\t\t\t\t<\/div>\n\t\t\t\t<\/div>\n\t\t\t\t<div class=\"elementor-element elementor-element-c45862a elementor-widget elementor-widget-text-editor\" data-id=\"c45862a\" data-element_type=\"widget\" data-e-type=\"widget\" data-widget_type=\"text-editor.default\">\n\t\t\t\t<div class=\"elementor-widget-container\">\n\t\t\t\t\t\t\t\t\t<p>Vous pouvez vous informer et exercer vos droits concernant la protection des donn\u00e9es en acc\u00e9dant \u00e0 notre <a href=\"https:\/\/letherin.org\/fr\/politique-de-confidentialite\">Politique de Confidentialit\u00e9<\/a>.<\/p>\t\t\t\t\t\t\t\t<\/div>\n\t\t\t\t<\/div>\n\t\t\t\t\t<\/div>\n\t\t<\/div>\n\t\t\t\t\t<\/div>\n\t\t<\/section>\n\t\t\t\t<\/div>\n\t\t","protected":false},"excerpt":{"rendered":"<p>https:\/\/letherin.org\/wp-content\/uploads\/72-MDNfMDFfZXVfMQ.mp4 Qu\u2019est-ce que les cookies ? Ce site web utilise des cookies et\/ou des technologies similaires qui stockent et r\u00e9cup\u00e8rent des informations pendant votre navigation. En g\u00e9n\u00e9ral, ces technologies peuvent avoir diverses finalit\u00e9s, comme vous reconna\u00eetre en tant qu\u2019utilisateur, obtenir des informations sur vos habitudes de navigation ou personnaliser l\u2019affichage du contenu. Les usages sp\u00e9cifiques [&hellip;]<\/p>\n","protected":false},"author":4,"featured_media":0,"parent":0,"menu_order":0,"comment_status":"closed","ping_status":"closed","template":"","meta":{"_jf_save_progress":"","iawp_total_views":15,"footnotes":""},"class_list":["post-3807","page","type-page","status-publish","hentry"],"_links":{"self":[{"href":"https:\/\/letherin.org\/fr\/wp-json\/wp\/v2\/pages\/3807","targetHints":{"allow":["GET"]}}],"collection":[{"href":"https:\/\/letherin.org\/fr\/wp-json\/wp\/v2\/pages"}],"about":[{"href":"https:\/\/letherin.org\/fr\/wp-json\/wp\/v2\/types\/page"}],"author":[{"embeddable":true,"href":"https:\/\/letherin.org\/fr\/wp-json\/wp\/v2\/users\/4"}],"replies":[{"embeddable":true,"href":"https:\/\/letherin.org\/fr\/wp-json\/wp\/v2\/comments?post=3807"}],"version-history":[{"count":4,"href":"https:\/\/letherin.org\/fr\/wp-json\/wp\/v2\/pages\/3807\/revisions"}],"predecessor-version":[{"id":3816,"href":"https:\/\/letherin.org\/fr\/wp-json\/wp\/v2\/pages\/3807\/revisions\/3816"}],"wp:attachment":[{"href":"https:\/\/letherin.org\/fr\/wp-json\/wp\/v2\/media?parent=3807"}],"curies":[{"name":"wp","href":"https:\/\/api.w.org\/{rel}","templated":true}]}}